{"id":13430,"date":"2022-04-24T15:08:29","date_gmt":"2022-04-24T15:08:29","guid":{"rendered":"https:\/\/digitalrise.website\/?page_id=13430"},"modified":"2026-04-21T18:04:56","modified_gmt":"2026-04-21T18:04:56","slug":"immobilien","status":"publish","type":"page","link":"https:\/\/mysymp.ch\/en\/immobilien\/","title":{"rendered":"REAL ESTATE"},"content":{"rendered":"<p><strong><mark style=\"background-color:rgba(0, 0, 0, 0)\" class=\"has-inline-color has-vivid-red-color\">Realisierte Projekte<\/mark><\/strong><\/p>\n\n\n<h4>NOTTWIL &#8211; Kt. Luzern: Exklusivit\u00e4t und Design &#8211; 5.5 Zimmer Attika-Maisonettwohnung mit Seesicht.<\/h4>\n<p><img loading=\"lazy\" class=\"alignnone size-full wp-image-14992\" src=\"https:\/\/mysymp.ch\/wp-content\/uploads\/2024\/05\/DJI_0348.jpg\" alt=\"\" width=\"1500\" height=\"999\" srcset=\"https:\/\/mysymp.ch\/wp-content\/uploads\/2024\/05\/DJI_0348.jpg 1500w, https:\/\/mysymp.ch\/wp-content\/uploads\/2024\/05\/DJI_0348-300x200.jpg 300w, https:\/\/mysymp.ch\/wp-content\/uploads\/2024\/05\/DJI_0348-1024x682.jpg 1024w, https:\/\/mysymp.ch\/wp-content\/uploads\/2024\/05\/DJI_0348-768x511.jpg 768w, https:\/\/mysymp.ch\/wp-content\/uploads\/2024\/05\/DJI_0348-18x12.jpg 18w\" sizes=\"(max-width: 1500px) 100vw, 1500px\" \/><\/p>\n<p>5.5 Zimmer Attika-Maisonette Wohnung mit Seesicht Diese stilvolle, moderne und gepflegte Attika-Maisonettewohnung liegt an leicht erh\u00f6hter Lage in der beliebtenund familienfreundlichen Gemeinde Nottwil. Die 5.5 Zimmer Zimmerwohnung<\/p>\n<p><img loading=\"lazy\" class=\"alignnone size-full wp-image-14979\" src=\"https:\/\/mysymp.ch\/wp-content\/uploads\/2024\/05\/DSC3311bearbeitet.jpg\" alt=\"\" width=\"1360\" height=\"907\" srcset=\"https:\/\/mysymp.ch\/wp-content\/uploads\/2024\/05\/DSC3311bearbeitet.jpg 1360w, https:\/\/mysymp.ch\/wp-content\/uploads\/2024\/05\/DSC3311bearbeitet-300x200.jpg 300w, https:\/\/mysymp.ch\/wp-content\/uploads\/2024\/05\/DSC3311bearbeitet-1024x683.jpg 1024w, https:\/\/mysymp.ch\/wp-content\/uploads\/2024\/05\/DSC3311bearbeitet-768x512.jpg 768w, https:\/\/mysymp.ch\/wp-content\/uploads\/2024\/05\/DSC3311bearbeitet-18x12.jpg 18w\" sizes=\"(max-width: 1360px) 100vw, 1360px\" \/>Zimmerwohnung bietet Wohnen wie in einem Einfamilienhaus auf zwei Etagen, gepaart mit den Vorz\u00fcgen einer Eigentumswohnung. Sie besticht durch den ideal konzipierten, offenen Grundriss und die grossz\u00fcgige Terrasse, welche sich nahezu rund um das Dachgeschoss zieht und wundersch\u00f6ne Fern- und Seesicht sowie hohe Privatsph\u00e4re bietet.<\/p>\n<p><img loading=\"lazy\" class=\"alignnone size-full wp-image-14989\" src=\"https:\/\/mysymp.ch\/wp-content\/uploads\/2024\/05\/DSC3497.jpg\" alt=\"\" width=\"1500\" height=\"1001\" srcset=\"https:\/\/mysymp.ch\/wp-content\/uploads\/2024\/05\/DSC3497.jpg 1500w, https:\/\/mysymp.ch\/wp-content\/uploads\/2024\/05\/DSC3497-300x200.jpg 300w, https:\/\/mysymp.ch\/wp-content\/uploads\/2024\/05\/DSC3497-1024x683.jpg 1024w, https:\/\/mysymp.ch\/wp-content\/uploads\/2024\/05\/DSC3497-768x513.jpg 768w, https:\/\/mysymp.ch\/wp-content\/uploads\/2024\/05\/DSC3497-18x12.jpg 18w\" sizes=\"(max-width: 1500px) 100vw, 1500px\" \/><\/p>\n<p>Die Wohnung verf\u00fcgt im unteren Geschoss \u00fcber einen grossen Balkon und eine Loggia, die nach S\u00fcdwesten und Nordosten ausgerichtet sind. Dies bietet optimale, ganzt\u00e4gige Besonnung und l\u00e4sst alle Wohnr\u00e4ume hell und lichtdurchflutet erscheinen.<\/p>\n<p><img loading=\"lazy\" class=\"alignnone size-full wp-image-14981\" src=\"https:\/\/mysymp.ch\/wp-content\/uploads\/2024\/05\/DSC3334.jpg\" alt=\"\" width=\"1360\" height=\"907\" srcset=\"https:\/\/mysymp.ch\/wp-content\/uploads\/2024\/05\/DSC3334.jpg 1360w, https:\/\/mysymp.ch\/wp-content\/uploads\/2024\/05\/DSC3334-300x200.jpg 300w, https:\/\/mysymp.ch\/wp-content\/uploads\/2024\/05\/DSC3334-1024x683.jpg 1024w, https:\/\/mysymp.ch\/wp-content\/uploads\/2024\/05\/DSC3334-768x512.jpg 768w, https:\/\/mysymp.ch\/wp-content\/uploads\/2024\/05\/DSC3334-18x12.jpg 18w\" sizes=\"(max-width: 1360px) 100vw, 1360px\" \/><br \/>Der offene Wohn- und Essbereich mit der modernen, top augestatteten K\u00fcche l\u00e4dt zu gem\u00fctlichen Stunden Zuhauseein.EsbefindensichausserdemzweiSchlafzimmer sowie ein Badezimmer und das ger\u00e4umige Reduit auf diesem Stockwerk.<br \/><img loading=\"lazy\" class=\"alignnone size-full wp-image-14986\" src=\"https:\/\/mysymp.ch\/wp-content\/uploads\/2024\/05\/DSC3395.jpg\" alt=\"\" width=\"1500\" height=\"1001\" srcset=\"https:\/\/mysymp.ch\/wp-content\/uploads\/2024\/05\/DSC3395.jpg 1500w, https:\/\/mysymp.ch\/wp-content\/uploads\/2024\/05\/DSC3395-300x200.jpg 300w, https:\/\/mysymp.ch\/wp-content\/uploads\/2024\/05\/DSC3395-1024x683.jpg 1024w, https:\/\/mysymp.ch\/wp-content\/uploads\/2024\/05\/DSC3395-768x513.jpg 768w, https:\/\/mysymp.ch\/wp-content\/uploads\/2024\/05\/DSC3395-18x12.jpg 18w\" sizes=\"(max-width: 1500px) 100vw, 1500px\" \/><br \/>Im Dachgeschoss befinden sich zwei weitere Schlafzim-mer, eines davon mit begehbarer Ankleide sowie ein Badezimmer mit Eckbadewanne und Dampfdusche. Die grosse Terrasse mit ca. 73 m? zieht sich auf drei Seiten um die Wohnung und bietet so eine wunderbare Panoramasicht auf den Sempachersee, \u00fcber die Gemeinde und in das umliegende Bergpanorama.<br \/>Die hohen Decken im Dachgeschoss lassen eine unvergleichliche Offenheit und Grossz\u00fcgigkeit ausstrah-len. In einem der oberen Schlafzimmer konnte so ein<br \/><img loading=\"lazy\" class=\"alignnone size-full wp-image-14983\" src=\"https:\/\/mysymp.ch\/wp-content\/uploads\/2024\/05\/DSC3362.jpg\" alt=\"\" width=\"1500\" height=\"1001\" srcset=\"https:\/\/mysymp.ch\/wp-content\/uploads\/2024\/05\/DSC3362.jpg 1500w, https:\/\/mysymp.ch\/wp-content\/uploads\/2024\/05\/DSC3362-300x200.jpg 300w, https:\/\/mysymp.ch\/wp-content\/uploads\/2024\/05\/DSC3362-1024x683.jpg 1024w, https:\/\/mysymp.ch\/wp-content\/uploads\/2024\/05\/DSC3362-768x513.jpg 768w, https:\/\/mysymp.ch\/wp-content\/uploads\/2024\/05\/DSC3362-18x12.jpg 18w\" sizes=\"(max-width: 1500px) 100vw, 1500px\" \/><br \/>Das Reduit mit Waschturm, die beiden abschliessbaren Garagenboxen, der Aussenparkplatz und ein Keller mit Fenster komplettieren dieses einmalige Angebot.<br \/><img loading=\"lazy\" class=\"alignnone size-full wp-image-14993\" src=\"https:\/\/mysymp.ch\/wp-content\/uploads\/2024\/05\/Panorama-1.jpg\" alt=\"\" width=\"1500\" height=\"387\" srcset=\"https:\/\/mysymp.ch\/wp-content\/uploads\/2024\/05\/Panorama-1.jpg 1500w, https:\/\/mysymp.ch\/wp-content\/uploads\/2024\/05\/Panorama-1-300x77.jpg 300w, https:\/\/mysymp.ch\/wp-content\/uploads\/2024\/05\/Panorama-1-1024x264.jpg 1024w, https:\/\/mysymp.ch\/wp-content\/uploads\/2024\/05\/Panorama-1-768x198.jpg 768w, https:\/\/mysymp.ch\/wp-content\/uploads\/2024\/05\/Panorama-1-18x5.jpg 18w\" sizes=\"(max-width: 1500px) 100vw, 1500px\" \/><\/p>\n<h2><span style=\"font-size: small;\">\u00a0<\/span><\/h2>\n<h4>\u00a0<\/h4>\n<h4>BURG AG:\u00a0 3 1\/2 Zr. ATTIKA WOHNUNG<\/h4>\n<p><img loading=\"lazy\" src=\"https:\/\/mysymp.ch\/wp-content\/uploads\/2022\/04\/image.png\" sizes=\"(max-width: 640px) 100vw, 640px\" srcset=\"https:\/\/mysymp.ch\/wp-content\/uploads\/2022\/04\/image.png 941w, https:\/\/mysymp.ch\/wp-content\/uploads\/2022\/04\/image-300x211.png 300w, https:\/\/mysymp.ch\/wp-content\/uploads\/2022\/04\/image-768x540.png 768w\" alt=\"\" width=\"640\" height=\"450\" \/> <img loading=\"lazy\" class=\"alignnone wp-image-14971 size-full\" src=\"https:\/\/mysymp.ch\/wp-content\/uploads\/2024\/05\/1717085671427.jpeg\" alt=\"\" width=\"1040\" height=\"693\" srcset=\"https:\/\/mysymp.ch\/wp-content\/uploads\/2024\/05\/1717085671427.jpeg 1040w, https:\/\/mysymp.ch\/wp-content\/uploads\/2024\/05\/1717085671427-300x200.jpeg 300w, https:\/\/mysymp.ch\/wp-content\/uploads\/2024\/05\/1717085671427-1024x682.jpeg 1024w, https:\/\/mysymp.ch\/wp-content\/uploads\/2024\/05\/1717085671427-768x512.jpeg 768w, https:\/\/mysymp.ch\/wp-content\/uploads\/2024\/05\/1717085671427-18x12.jpeg 18w\" sizes=\"(max-width: 1040px) 100vw, 1040px\" \/><img loading=\"lazy\" class=\"alignnone wp-image-14972 size-full\" src=\"https:\/\/mysymp.ch\/wp-content\/uploads\/2024\/05\/1717085673625.jpeg\" alt=\"\" width=\"1040\" height=\"693\" srcset=\"https:\/\/mysymp.ch\/wp-content\/uploads\/2024\/05\/1717085673625.jpeg 1040w, https:\/\/mysymp.ch\/wp-content\/uploads\/2024\/05\/1717085673625-300x200.jpeg 300w, https:\/\/mysymp.ch\/wp-content\/uploads\/2024\/05\/1717085673625-1024x682.jpeg 1024w, https:\/\/mysymp.ch\/wp-content\/uploads\/2024\/05\/1717085673625-768x512.jpeg 768w, https:\/\/mysymp.ch\/wp-content\/uploads\/2024\/05\/1717085673625-18x12.jpeg 18w\" sizes=\"(max-width: 1040px) 100vw, 1040px\" \/><img loading=\"lazy\" class=\"alignnone wp-image-14973 size-full\" src=\"https:\/\/mysymp.ch\/wp-content\/uploads\/2024\/05\/1717085675772.jpeg\" alt=\"\" width=\"1040\" height=\"693\" srcset=\"https:\/\/mysymp.ch\/wp-content\/uploads\/2024\/05\/1717085675772.jpeg 1040w, https:\/\/mysymp.ch\/wp-content\/uploads\/2024\/05\/1717085675772-300x200.jpeg 300w, https:\/\/mysymp.ch\/wp-content\/uploads\/2024\/05\/1717085675772-1024x682.jpeg 1024w, https:\/\/mysymp.ch\/wp-content\/uploads\/2024\/05\/1717085675772-768x512.jpeg 768w, https:\/\/mysymp.ch\/wp-content\/uploads\/2024\/05\/1717085675772-18x12.jpeg 18w\" sizes=\"(max-width: 1040px) 100vw, 1040px\" \/><img loading=\"lazy\" class=\"alignnone wp-image-14974 size-full\" src=\"https:\/\/mysymp.ch\/wp-content\/uploads\/2024\/05\/1717085678050.jpeg\" alt=\"\" width=\"1040\" height=\"693\" srcset=\"https:\/\/mysymp.ch\/wp-content\/uploads\/2024\/05\/1717085678050.jpeg 1040w, https:\/\/mysymp.ch\/wp-content\/uploads\/2024\/05\/1717085678050-300x200.jpeg 300w, https:\/\/mysymp.ch\/wp-content\/uploads\/2024\/05\/1717085678050-1024x682.jpeg 1024w, https:\/\/mysymp.ch\/wp-content\/uploads\/2024\/05\/1717085678050-768x512.jpeg 768w, https:\/\/mysymp.ch\/wp-content\/uploads\/2024\/05\/1717085678050-18x12.jpeg 18w\" sizes=\"(max-width: 1040px) 100vw, 1040px\" \/><img loading=\"lazy\" class=\"alignnone wp-image-14975 size-full\" src=\"https:\/\/mysymp.ch\/wp-content\/uploads\/2024\/05\/1717085680532.jpeg\" alt=\"\" width=\"1040\" height=\"693\" srcset=\"https:\/\/mysymp.ch\/wp-content\/uploads\/2024\/05\/1717085680532.jpeg 1040w, https:\/\/mysymp.ch\/wp-content\/uploads\/2024\/05\/1717085680532-300x200.jpeg 300w, https:\/\/mysymp.ch\/wp-content\/uploads\/2024\/05\/1717085680532-1024x682.jpeg 1024w, https:\/\/mysymp.ch\/wp-content\/uploads\/2024\/05\/1717085680532-768x512.jpeg 768w, https:\/\/mysymp.ch\/wp-content\/uploads\/2024\/05\/1717085680532-18x12.jpeg 18w\" sizes=\"(max-width: 1040px) 100vw, 1040px\" \/><\/p>\n<p>With the &quot;G\u00fctsch&quot; project, 18 exclusive apartments are being built in Burg (AG), which will be turnkey and ready for occupancy from summer 2021.<\/p>\n<p><img loading=\"lazy\" src=\"https:\/\/mysymp.ch\/wp-content\/uploads\/2022\/04\/image-2-1024x613-1.png\" sizes=\"(max-width: 640px) 100vw, 640px\" srcset=\"https:\/\/mysymp.ch\/wp-content\/uploads\/2022\/04\/image-2-1024x613-1.png 1024w, https:\/\/mysymp.ch\/wp-content\/uploads\/2022\/04\/image-2-1024x613-1-300x180.png 300w, https:\/\/mysymp.ch\/wp-content\/uploads\/2022\/04\/image-2-1024x613-1-768x460.png 768w\" alt=\"\" width=\"640\" height=\"383\" \/><\/p>\n<p>Gehobener Standart mit riesen Terrasse<\/p>\n<p><img loading=\"lazy\" src=\"https:\/\/mysymp.ch\/wp-content\/uploads\/2022\/04\/image-1-1024x561-1.png\" sizes=\"(max-width: 640px) 100vw, 640px\" srcset=\"https:\/\/mysymp.ch\/wp-content\/uploads\/2022\/04\/image-1-1024x561-1.png 1024w, https:\/\/mysymp.ch\/wp-content\/uploads\/2022\/04\/image-1-1024x561-1-300x164.png 300w, https:\/\/mysymp.ch\/wp-content\/uploads\/2022\/04\/image-1-1024x561-1-768x421.png 768w\" alt=\"\" width=\"640\" height=\"351\" \/><\/p>\n<p>The \u00abG\u00fctsch\u00bb concept is well thought out, leaves nothing to be desired and guarantees pure quality of life and joy. Selected local partner architects, interior designers and construction companies demonstrate their visionary skills in this project.<br \/>The result is a spatial and creative symbiosis on a new level. Please convince yourself.<\/p>\n<h4 style=\"padding-top: 40px;\">THE G\u00dcTSCH PROJECT<\/h4>\n<p>Burg is a municipality in the canton of Aargau. Embedded between forest and lake, it is a charming and nature-loving residential area. Lake Hallwil can be reached by car in a few minutes and the neighboring town of Menziken has good transport connections.<br \/>Burg belongs to the district of Kulm, lies in the upper Wynental and borders on the canton of Lucerne near Menziken. With an area of 0.94 km2 and currently around 1,000 inhabitants, it is the second smallest municipality in the canton. Together with Beinwil am See, Menziken, Pfeffikon and Reinach, around 20,000 people live in the region.<br \/>Gu\u0308tsch bietet Ihnen eine Wohn-\u00ad und Lebensqualita\u0308t im Premiumbereich. Das Konzept ist zeitlos, vereint Qualita\u0308t und Wohlbefinden. Jedes Detail wurde nochmals in seine Einzelteile zerlegt, bevor es ins Konzept von Gu\u0308tsch integriert wurde.<\/p>","protected":false},"excerpt":{"rendered":"Realisierte Projekte NOTTWIL &#8211; Kt. Luzern: Exklusivit\u00e4t und Design &#8211; 5.5 Zimmer Attika-Maisonettwohnung mit Seesicht. 5.5 Zimmer Attika-Maisonette Wohnung mit Seesicht Diese stilvolle, moderne und gepflegte Attika-Maisonettewohnung liegt an leicht erh\u00f6hter Lage in der beliebtenund familienfreundlichen Gemeinde Nottwil. Die 5.5&#8230;","protected":false},"author":1,"featured_media":0,"parent":0,"menu_order":0,"comment_status":"closed","ping_status":"closed","template":"","meta":[],"_links":{"self":[{"href":"https:\/\/mysymp.ch\/en\/wp-json\/wp\/v2\/pages\/13430"}],"collection":[{"href":"https:\/\/mysymp.ch\/en\/wp-json\/wp\/v2\/pages"}],"about":[{"href":"https:\/\/mysymp.ch\/en\/wp-json\/wp\/v2\/types\/page"}],"author":[{"embeddable":true,"href":"https:\/\/mysymp.ch\/en\/wp-json\/wp\/v2\/users\/1"}],"replies":[{"embeddable":true,"href":"https:\/\/mysymp.ch\/en\/wp-json\/wp\/v2\/comments?post=13430"}],"version-history":[{"count":25,"href":"https:\/\/mysymp.ch\/en\/wp-json\/wp\/v2\/pages\/13430\/revisions"}],"predecessor-version":[{"id":15003,"href":"https:\/\/mysymp.ch\/en\/wp-json\/wp\/v2\/pages\/13430\/revisions\/15003"}],"wp:attachment":[{"href":"https:\/\/mysymp.ch\/en\/wp-json\/wp\/v2\/media?parent=13430"}],"curies":[{"name":"wp","href":"https:\/\/api.w.org\/{rel}","templated":true}]}}