{"id":2,"date":"2022-04-24T14:47:00","date_gmt":"2022-04-24T14:47:00","guid":{"rendered":"https:\/\/digitalrise.website\/?page_id=2"},"modified":"2026-04-21T18:12:09","modified_gmt":"2026-04-21T18:12:09","slug":"uber-die-mysymp","status":"publish","type":"page","link":"https:\/\/mysymp.ch\/en\/uber-die-mysymp\/","title":{"rendered":"ABOUT"},"content":{"rendered":"<div data-elementor-type=\"wp-page\" data-elementor-id=\"2\" class=\"elementor elementor-2\">\n\t\t\t\t\t\t\t\t\t<div class=\"elementor-section elementor-top-section elementor-element elementor-element-14a96364 elementor-section-stretched elementor-section-boxed elementor-section-height-default elementor-section-height-default\" data-id=\"14a96364\" data-element_type=\"section\" data-settings=\"{&quot;stretch_section&quot;:&quot;section-stretched&quot;,&quot;jet_parallax_layout_list&quot;:[]}\">\n\t\t\t\t\t\t<div class=\"elementor-container elementor-column-gap-default\">\n\t\t\t\t\t<div class=\"elementor-column elementor-col-100 elementor-top-column elementor-element elementor-element-2219bc63\" data-id=\"2219bc63\" data-element_type=\"column\">\n\t\t\t<div class=\"elementor-widget-wrap elementor-element-populated\">\n\t\t\t\t\t\t\t\t<div class=\"elementor-element elementor-element-6a5025dd elementor-widget elementor-widget-pix-heading\" data-id=\"6a5025dd\" data-element_type=\"widget\" data-widget_type=\"pix-heading.default\">\n\t\t\t\t<div class=\"elementor-widget-container\">\n\t\t\t<div  class=\"pix-heading-el text-center\"><div><div class=\"slide-in-container\"><h4 class=\"text-heading-default font-weight-bold heading-text el-title_custom_color mb-12\" style=\"\" data-anim-type=\"\" data-anim-delay=\"\">Who are we<\/h4><\/div><\/div><\/div>\t\t<\/div>\n\t\t\t\t<\/div>\n\t\t\t\t<section class=\"elementor-section elementor-inner-section elementor-element elementor-element-94dd798 elementor-section-boxed elementor-section-height-default elementor-section-height-default\" data-id=\"94dd798\" data-element_type=\"section\" data-settings=\"{&quot;jet_parallax_layout_list&quot;:[]}\">\n\t\t\t\t\t\t<div class=\"elementor-container elementor-column-gap-default\">\n\t\t\t\t\t<div class=\"elementor-column elementor-col-50 elementor-inner-column elementor-element elementor-element-b661d93\" data-id=\"b661d93\" data-element_type=\"column\">\n\t\t\t<div class=\"elementor-widget-wrap elementor-element-populated\">\n\t\t\t\t\t\t\t\t<div class=\"elementor-element elementor-element-19d3ec5b elementor-invisible elementor-widget elementor-widget-pix-feature\" data-id=\"19d3ec5b\" data-element_type=\"widget\" data-widget_type=\"pix-feature.default\">\n\t\t\t\t<div class=\"elementor-widget-container\">\n\t\t\t<div id=\"duo-icon-70369869\" class=\"pix-feature-el text-left\"><div class=\"rounded-circle d-inline-block2 d-inline-flex align-items-center justify-content-center line-height-0 bg-secondary-light animate-in\" data-anim-type=\"fade-in-up\" data-anim-delay=\"0\" style=\" width:54px;height:54px;position:relative;text-align:center;\"><div class=\"text-secondary\" style=\"display:inline-block;width:30px;height:30px;font-size:30px;\"><svg width=\"100%\" height=\"100%\" viewbox=\"0 0 24 24\" version=\"1.1\" xmlns=\"http:\/\/www.w3.org\/2000\/svg\" xmlns:xlink=\"http:\/\/www.w3.org\/1999\/xlink\"> <defs><\/defs> <g stroke=\"none\" stroke-width=\"1\" fill=\"none\" fill-rule=\"evenodd\"> <path d=\"M11.7573593,15.2426407 L8.75735931,15.2426407 C8.20507456,15.2426407 7.75735931,15.6903559 7.75735931,16.2426407 C7.75735931,16.7949254 8.20507456,17.2426407 8.75735931,17.2426407 L11.7573593,17.2426407 L11.7573593,18.2426407 C11.7573593,19.3472102 10.8619288,20.2426407 9.75735931,20.2426407 L5.75735931,20.2426407 C4.65278981,20.2426407 3.75735931,19.3472102 3.75735931,18.2426407 L3.75735931,14.2426407 C3.75735931,13.1380712 4.65278981,12.2426407 5.75735931,12.2426407 L9.75735931,12.2426407 C10.8619288,12.2426407 11.7573593,13.1380712 11.7573593,14.2426407 L11.7573593,15.2426407 Z\" fill=\"#000000\" opacity=\"0.3\" transform=\"translate(7.757359, 16.242641) rotate(-45.000000) translate(-7.757359, -16.242641) \"><\/path> <path d=\"M12.2426407,8.75735931 L15.2426407,8.75735931 C15.7949254,8.75735931 16.2426407,8.30964406 16.2426407,7.75735931 C16.2426407,7.20507456 15.7949254,6.75735931 15.2426407,6.75735931 L12.2426407,6.75735931 L12.2426407,5.75735931 C12.2426407,4.65278981 13.1380712,3.75735931 14.2426407,3.75735931 L18.2426407,3.75735931 C19.3472102,3.75735931 20.2426407,4.65278981 20.2426407,5.75735931 L20.2426407,9.75735931 C20.2426407,10.8619288 19.3472102,11.7573593 18.2426407,11.7573593 L14.2426407,11.7573593 C13.1380712,11.7573593 12.2426407,10.8619288 12.2426407,9.75735931 L12.2426407,8.75735931 Z\" fill=\"#000000\" transform=\"translate(16.242641, 7.757359) rotate(-45.000000) translate(-16.242641, -7.757359) \"><\/path> <path d=\"M5.89339828,3.42893219 C6.44568303,3.42893219 6.89339828,3.87664744 6.89339828,4.42893219 L6.89339828,6.42893219 C6.89339828,6.98121694 6.44568303,7.42893219 5.89339828,7.42893219 C5.34111353,7.42893219 4.89339828,6.98121694 4.89339828,6.42893219 L4.89339828,4.42893219 C4.89339828,3.87664744 5.34111353,3.42893219 5.89339828,3.42893219 Z M11.4289322,5.13603897 C11.8194565,5.52656326 11.8194565,6.15972824 11.4289322,6.55025253 L10.0147186,7.96446609 C9.62419433,8.35499039 8.99102936,8.35499039 8.60050506,7.96446609 C8.20998077,7.5739418 8.20998077,6.94077682 8.60050506,6.55025253 L10.0147186,5.13603897 C10.4052429,4.74551468 11.0384079,4.74551468 11.4289322,5.13603897 Z M0.600505063,5.13603897 C0.991029355,4.74551468 1.62419433,4.74551468 2.01471863,5.13603897 L3.42893219,6.55025253 C3.81945648,6.94077682 3.81945648,7.5739418 3.42893219,7.96446609 C3.0384079,8.35499039 2.40524292,8.35499039 2.01471863,7.96446609 L0.600505063,6.55025253 C0.209980772,6.15972824 0.209980772,5.52656326 0.600505063,5.13603897 Z\" fill=\"#000000\" opacity=\"0.3\" transform=\"translate(6.014719, 5.843146) rotate(-45.000000) translate(-6.014719, -5.843146) \"><\/path> <path d=\"M17.9142136,15.4497475 C18.4664983,15.4497475 18.9142136,15.8974627 18.9142136,16.4497475 L18.9142136,18.4497475 C18.9142136,19.0020322 18.4664983,19.4497475 17.9142136,19.4497475 C17.3619288,19.4497475 16.9142136,19.0020322 16.9142136,18.4497475 L16.9142136,16.4497475 C16.9142136,15.8974627 17.3619288,15.4497475 17.9142136,15.4497475 Z M23.4497475,17.1568542 C23.8402718,17.5473785 23.8402718,18.1805435 23.4497475,18.5710678 L22.0355339,19.9852814 C21.6450096,20.3758057 21.0118446,20.3758057 20.6213203,19.9852814 C20.2307961,19.5947571 20.2307961,18.9615921 20.6213203,18.5710678 L22.0355339,17.1568542 C22.4260582,16.76633 23.0592232,16.76633 23.4497475,17.1568542 Z M12.6213203,17.1568542 C13.0118446,16.76633 13.6450096,16.76633 14.0355339,17.1568542 L15.4497475,18.5710678 C15.8402718,18.9615921 15.8402718,19.5947571 15.4497475,19.9852814 C15.0592232,20.3758057 14.4260582,20.3758057 14.0355339,19.9852814 L12.6213203,18.5710678 C12.2307961,18.1805435 12.2307961,17.5473785 12.6213203,17.1568542 Z\" id=\"Combined-Shape-Copy-2\" fill=\"#000000\" opacity=\"0.3\" transform=\"translate(18.035534, 17.863961) scale(1, -1) rotate(45.000000) translate(-18.035534, -17.863961) \"><\/path> <\/g> <\/svg><\/div><\/div><h6 class=\"font-weight-bold   text-heading-default animate-in\" style=\"\" data-anim-type=\"fade-in-up\" data-anim-delay=\"100\"><\/h6><div class=\"text-body-default text-18     animate-in\" style=\"padding-top:10px;\" data-anim-type=\"fade-in-up\" data-anim-delay=\"200\"><\/div><\/div>\t\t<\/div>\n\t\t\t\t<\/div>\n\t\t\t\t\t<\/div>\n\t\t<\/div>\n\t\t\t\t<div class=\"elementor-column elementor-col-50 elementor-inner-column elementor-element elementor-element-be7bad1\" data-id=\"be7bad1\" data-element_type=\"column\">\n\t\t\t<div class=\"elementor-widget-wrap elementor-element-populated\">\n\t\t\t\t\t\t\t\t<div class=\"elementor-element elementor-element-9402c1b elementor-widget elementor-widget-text-editor\" data-id=\"9402c1b\" data-element_type=\"widget\" data-widget_type=\"text-editor.default\">\n\t\t\t\t<div class=\"elementor-widget-container\">\n\t\t\t<style>\/*! elementor - v3.6.5 - 27-04-2022 *\/\n.elementor-widget-text-editor.elementor-drop-cap-view-stacked .elementor-drop-cap{background-color:#818a91;color:#fff}.elementor-widget-text-editor.elementor-drop-cap-view-framed .elementor-drop-cap{color:#818a91;border:3px solid;background-color:transparent}.elementor-widget-text-editor:not(.elementor-drop-cap-view-default) .elementor-drop-cap{margin-top:8px}.elementor-widget-text-editor:not(.elementor-drop-cap-view-default) .elementor-drop-cap-letter{width:1em;height:1em}.elementor-widget-text-editor .elementor-drop-cap{float:left;text-align:center;line-height:1;font-size:50px}.elementor-widget-text-editor .elementor-drop-cap-letter{display:inline-block}<\/style>\t\t\t\t<p><strong>MYSYMP \u2013 Gestalter der Zukunft<\/strong><\/p>\t\t\t\t\t\t<\/div>\n\t\t\t\t<\/div>\n\t\t\t\t\t<\/div>\n\t\t<\/div>\n\t\t\t\t\t\t\t<\/div>\n\t\t<\/section>\n\t\t\t\t<section class=\"elementor-section elementor-inner-section elementor-element elementor-element-046c693 elementor-section-boxed elementor-section-height-default elementor-section-height-default\" data-id=\"046c693\" data-element_type=\"section\" data-settings=\"{&quot;jet_parallax_layout_list&quot;:[]}\">\n\t\t\t\t\t\t<div class=\"elementor-container elementor-column-gap-default\">\n\t\t\t\t\t<div class=\"elementor-column elementor-col-50 elementor-inner-column elementor-element elementor-element-a746cc2\" data-id=\"a746cc2\" data-element_type=\"column\">\n\t\t\t<div class=\"elementor-widget-wrap elementor-element-populated\">\n\t\t\t\t\t\t\t\t<div class=\"elementor-element elementor-element-f2f84ea elementor-invisible elementor-widget elementor-widget-pix-feature\" data-id=\"f2f84ea\" data-element_type=\"widget\" data-widget_type=\"pix-feature.default\">\n\t\t\t\t<div class=\"elementor-widget-container\">\n\t\t\t<div id=\"duo-icon-147070856\" class=\"pix-feature-el text-left\"><div class=\"rounded-circle d-inline-block2 d-inline-flex align-items-center justify-content-center line-height-0 bg-secondary-light animate-in\" data-anim-type=\"fade-in-up\" data-anim-delay=\"0\" style=\" width:54px;height:54px;position:relative;text-align:center;\"><div class=\"text-secondary\" style=\"display:inline-block;width:30px;height:30px;font-size:30px;\"><svg width=\"100%\" height=\"100%\" viewbox=\"0 0 24 24\" version=\"1.1\" xmlns=\"http:\/\/www.w3.org\/2000\/svg\" xmlns:xlink=\"http:\/\/www.w3.org\/1999\/xlink\"> <defs><\/defs> <g stroke=\"none\" stroke-width=\"1\" fill=\"none\" fill-rule=\"evenodd\"> <path d=\"M11.7573593,15.2426407 L8.75735931,15.2426407 C8.20507456,15.2426407 7.75735931,15.6903559 7.75735931,16.2426407 C7.75735931,16.7949254 8.20507456,17.2426407 8.75735931,17.2426407 L11.7573593,17.2426407 L11.7573593,18.2426407 C11.7573593,19.3472102 10.8619288,20.2426407 9.75735931,20.2426407 L5.75735931,20.2426407 C4.65278981,20.2426407 3.75735931,19.3472102 3.75735931,18.2426407 L3.75735931,14.2426407 C3.75735931,13.1380712 4.65278981,12.2426407 5.75735931,12.2426407 L9.75735931,12.2426407 C10.8619288,12.2426407 11.7573593,13.1380712 11.7573593,14.2426407 L11.7573593,15.2426407 Z\" fill=\"#000000\" opacity=\"0.3\" transform=\"translate(7.757359, 16.242641) rotate(-45.000000) translate(-7.757359, -16.242641) \"><\/path> <path d=\"M12.2426407,8.75735931 L15.2426407,8.75735931 C15.7949254,8.75735931 16.2426407,8.30964406 16.2426407,7.75735931 C16.2426407,7.20507456 15.7949254,6.75735931 15.2426407,6.75735931 L12.2426407,6.75735931 L12.2426407,5.75735931 C12.2426407,4.65278981 13.1380712,3.75735931 14.2426407,3.75735931 L18.2426407,3.75735931 C19.3472102,3.75735931 20.2426407,4.65278981 20.2426407,5.75735931 L20.2426407,9.75735931 C20.2426407,10.8619288 19.3472102,11.7573593 18.2426407,11.7573593 L14.2426407,11.7573593 C13.1380712,11.7573593 12.2426407,10.8619288 12.2426407,9.75735931 L12.2426407,8.75735931 Z\" fill=\"#000000\" transform=\"translate(16.242641, 7.757359) rotate(-45.000000) translate(-16.242641, -7.757359) \"><\/path> <path d=\"M5.89339828,3.42893219 C6.44568303,3.42893219 6.89339828,3.87664744 6.89339828,4.42893219 L6.89339828,6.42893219 C6.89339828,6.98121694 6.44568303,7.42893219 5.89339828,7.42893219 C5.34111353,7.42893219 4.89339828,6.98121694 4.89339828,6.42893219 L4.89339828,4.42893219 C4.89339828,3.87664744 5.34111353,3.42893219 5.89339828,3.42893219 Z M11.4289322,5.13603897 C11.8194565,5.52656326 11.8194565,6.15972824 11.4289322,6.55025253 L10.0147186,7.96446609 C9.62419433,8.35499039 8.99102936,8.35499039 8.60050506,7.96446609 C8.20998077,7.5739418 8.20998077,6.94077682 8.60050506,6.55025253 L10.0147186,5.13603897 C10.4052429,4.74551468 11.0384079,4.74551468 11.4289322,5.13603897 Z M0.600505063,5.13603897 C0.991029355,4.74551468 1.62419433,4.74551468 2.01471863,5.13603897 L3.42893219,6.55025253 C3.81945648,6.94077682 3.81945648,7.5739418 3.42893219,7.96446609 C3.0384079,8.35499039 2.40524292,8.35499039 2.01471863,7.96446609 L0.600505063,6.55025253 C0.209980772,6.15972824 0.209980772,5.52656326 0.600505063,5.13603897 Z\" fill=\"#000000\" opacity=\"0.3\" transform=\"translate(6.014719, 5.843146) rotate(-45.000000) translate(-6.014719, -5.843146) \"><\/path> <path d=\"M17.9142136,15.4497475 C18.4664983,15.4497475 18.9142136,15.8974627 18.9142136,16.4497475 L18.9142136,18.4497475 C18.9142136,19.0020322 18.4664983,19.4497475 17.9142136,19.4497475 C17.3619288,19.4497475 16.9142136,19.0020322 16.9142136,18.4497475 L16.9142136,16.4497475 C16.9142136,15.8974627 17.3619288,15.4497475 17.9142136,15.4497475 Z M23.4497475,17.1568542 C23.8402718,17.5473785 23.8402718,18.1805435 23.4497475,18.5710678 L22.0355339,19.9852814 C21.6450096,20.3758057 21.0118446,20.3758057 20.6213203,19.9852814 C20.2307961,19.5947571 20.2307961,18.9615921 20.6213203,18.5710678 L22.0355339,17.1568542 C22.4260582,16.76633 23.0592232,16.76633 23.4497475,17.1568542 Z M12.6213203,17.1568542 C13.0118446,16.76633 13.6450096,16.76633 14.0355339,17.1568542 L15.4497475,18.5710678 C15.8402718,18.9615921 15.8402718,19.5947571 15.4497475,19.9852814 C15.0592232,20.3758057 14.4260582,20.3758057 14.0355339,19.9852814 L12.6213203,18.5710678 C12.2307961,18.1805435 12.2307961,17.5473785 12.6213203,17.1568542 Z\" id=\"Combined-Shape-Copy-2\" fill=\"#000000\" opacity=\"0.3\" transform=\"translate(18.035534, 17.863961) scale(1, -1) rotate(45.000000) translate(-18.035534, -17.863961) \"><\/path> <\/g> <\/svg><\/div><\/div><h6 class=\"font-weight-bold   text-heading-default animate-in\" style=\"\" data-anim-type=\"fade-in-up\" data-anim-delay=\"100\"><\/h6><div class=\"text-body-default text-18     animate-in\" style=\"padding-top:10px;\" data-anim-type=\"fade-in-up\" data-anim-delay=\"200\"><\/div><\/div>\t\t<\/div>\n\t\t\t\t<\/div>\n\t\t\t\t\t<\/div>\n\t\t<\/div>\n\t\t\t\t<div class=\"elementor-column elementor-col-50 elementor-inner-column elementor-element elementor-element-e5f6bb6\" data-id=\"e5f6bb6\" data-element_type=\"column\">\n\t\t\t<div class=\"elementor-widget-wrap elementor-element-populated\">\n\t\t\t\t\t\t\t\t<div class=\"elementor-element elementor-element-be9f5f5 elementor-widget elementor-widget-text-editor\" data-id=\"be9f5f5\" data-element_type=\"widget\" data-widget_type=\"text-editor.default\">\n\t\t\t\t<div class=\"elementor-widget-container\">\n\t\t\t\t\t\t\t<p><\/p><p>Bei MYSYMP AG glauben wir, dass die wahre Kunst des Lebens darin besteht, Komplexit\u00e4t zu meistern, ohne die Essenz zu verlieren. Wir sind mehr als ein Dienstleister f\u00fcr Immobilien, Design und Wein \u2013 wir sind Kuratoren f\u00fcr einen bewussten und erfolgreichen Lebensstil.<\/p>\n<p>Unsere Mission ist es, den Wandel der Zeit nicht nur zu beobachten, sondern ihn aktiv zu begleiten. Ob es um die Integration von K\u00fcnstlicher Intelligenz in den Berufsalltag, die Sicherung finanzieller Freiheit oder die Wiederentdeckung analoger Werte in einer digitalen Welt geht: Wir liefern die Antworten, die \u00fcber den Moment hinaus Bestand haben.<\/p>\n<p>Authentizit\u00e4t und Leidenschaft sind der Kern jeder MYSYMP-Publikation. Wir teilen unsere Erfahrungen und Erkenntnisse, um Ihnen dabei zu helfen, Ihr volles Potenzial zu entfalten und in einer reiz\u00fcberfluteten Welt den Fokus auf das Wesentliche zu behalten. Schweizer Pr\u00e4zision trifft auf die Leidenschaft f\u00fcr das echte Leben.<\/p>\n<p><b>Passion as a driver for entrepreneurship and the pursuit of independence.<\/b><\/p>\n<p>Founded in 2015 as an owner-managed company and enriched with <span style=\"text-decoration: underline;\"><strong>more than 25 years<\/strong><\/span> Experience in the management of different industries (interior architecture \/ wine \/ capital goods) supports and develops MYSYMP AG its customers into a successful future.<\/p>\n<p><\/p>\t\t\t\t\t\t<\/div>\n\t\t\t\t<\/div>\n\t\t\t\t\t<\/div>\n\t\t<\/div>\n\t\t\t\t\t\t\t<\/div>\n\t\t<\/section>\n\t\t\t\t<div class=\"elementor-element elementor-element-a75c233 elementor-widget elementor-widget-pix-icon\" data-id=\"a75c233\" data-element_type=\"widget\" data-widget_type=\"pix-icon.default\">\n\t\t\t\t<div class=\"elementor-widget-container\">\n\t\t\t<div id=\"duo-icon-9050101\" class=\"pix-icon text-left\"><\/div>\t\t<\/div>\n\t\t\t\t<\/div>\n\t\t\t\t\t<\/div>\n\t\t<\/div>\n\t\t\t\t\t\t\t<\/div>\n\t\t<\/div>\n\t\t\t\t<section class=\"elementor-section elementor-top-section elementor-element elementor-element-9cdad5c elementor-section-boxed elementor-section-height-default elementor-section-height-default\" data-id=\"9cdad5c\" data-element_type=\"section\" data-settings=\"{&quot;jet_parallax_layout_list&quot;:[]}\">\n\t\t\t\t\t\t<div class=\"elementor-container elementor-column-gap-default\">\n\t\t\t\t\t<div class=\"elementor-column elementor-col-50 elementor-top-column elementor-element elementor-element-22e25e5\" data-id=\"22e25e5\" data-element_type=\"column\">\n\t\t\t<div class=\"elementor-widget-wrap elementor-element-populated\">\n\t\t\t\t\t\t\t\t<div class=\"elementor-element elementor-element-440f5365 elementor-widget elementor-widget-pix-icon\" data-id=\"440f5365\" data-element_type=\"widget\" data-widget_type=\"pix-icon.default\">\n\t\t\t\t<div class=\"elementor-widget-container\">\n\t\t\t<div id=\"duo-icon-73597199\" class=\"pix-icon text-left\"><div class=\"mr-32 d-inline-block text-primary\"   style=\"width:64.8px;height:64.8px;position:relative;line-height:64.8px;text-align:center;\"><svg width=\"100%\" height=\"100%\" viewbox=\"0 0 24 24\" version=\"1.1\" xmlns=\"http:\/\/www.w3.org\/2000\/svg\" xmlns:xlink=\"http:\/\/www.w3.org\/1999\/xlink\"> <defs><\/defs> <g stroke=\"none\" stroke-width=\"1\" fill=\"none\" fill-rule=\"evenodd\"> <path d=\"M21.9999843,15.009808 L22.0249378,15 L22.0249378,19.5857864 C22.0249378,20.1380712 21.5772226,20.5857864 21.0249378,20.5857864 C20.7597213,20.5857864 20.5053674,20.4804296 20.317831,20.2928932 L18.0249378,18 L5,18 C3.34314575,18 2,16.6568542 2,15 L2,6 C2,4.34314575 3.34314575,3 5,3 L19,3 C20.6568542,3 22,4.34314575 22,6 L22,15 C22,15.0032706 21.9999948,15.0065399 21.9999843,15.009808 Z M6.16794971,10.5547002 C7.67758127,12.8191475 9.64566871,14 12,14 C14.3543313,14 16.3224187,12.8191475 17.8320503,10.5547002 C18.1384028,10.0951715 18.0142289,9.47430216 17.5547002,9.16794971 C17.0951715,8.86159725 16.4743022,8.98577112 16.1679497,9.4452998 C15.0109146,11.1808525 13.6456687,12 12,12 C10.3543313,12 8.9890854,11.1808525 7.83205029,9.4452998 C7.52569784,8.98577112 6.90482849,8.86159725 6.4452998,9.16794971 C5.98577112,9.47430216 5.86159725,10.0951715 6.16794971,10.5547002 Z\" fill=\"#000000\"><\/path> <\/g> <\/svg><\/div><\/div>\t\t<\/div>\n\t\t\t\t<\/div>\n\t\t\t\t<div class=\"elementor-element elementor-element-4abc0629 elementor-widget elementor-widget-pix-heading\" data-id=\"4abc0629\" data-element_type=\"widget\" data-widget_type=\"pix-heading.default\">\n\t\t\t\t<div class=\"elementor-widget-container\">\n\t\t\t<div  class=\"pix-heading-el text-left\"><div><div class=\"slide-in-container\"><h4 class=\"text-heading-default font-weight-bold heading-text el-title_custom_color mb-12\" style=\"\" data-anim-type=\"\" data-anim-delay=\"\">We have the right service for you<\/h4><\/div><\/div><\/div>\t\t<\/div>\n\t\t\t\t<\/div>\n\t\t\t\t<section class=\"elementor-section elementor-inner-section elementor-element elementor-element-3e8503f4 elementor-section-boxed elementor-section-height-default elementor-section-height-default\" data-id=\"3e8503f4\" data-element_type=\"section\" data-settings=\"{&quot;jet_parallax_layout_list&quot;:[]}\">\n\t\t\t\t\t\t<div class=\"elementor-container elementor-column-gap-default\">\n\t\t\t\t\t<div class=\"elementor-column elementor-col-50 elementor-inner-column elementor-element elementor-element-191fec58\" data-id=\"191fec58\" data-element_type=\"column\">\n\t\t\t<div class=\"elementor-widget-wrap elementor-element-populated\">\n\t\t\t\t\t\t\t\t<div class=\"elementor-element elementor-element-5423bd7b elementor-widget elementor-widget-pix-numbers\" data-id=\"5423bd7b\" data-element_type=\"widget\" data-widget_type=\"pix-numbers.default\">\n\t\t\t\t<div class=\"elementor-widget-container\">\n\t\t\t<div class=\"pix_numbers animate-math\"><div><h1 class=\"align-self-center text-left display-3\"><span class=\"font-weight-bold text-secondary\" style=\"\">+<\/span><span class=\"number font-weight-bold secondary-font text-secondary\" style=\"\" data-duration=\"2000\" data-to=\"25\">0<\/span><span class=\"font-weight-bold text-secondary\" style=\"\"><\/span><\/h1><\/div><div class=\"w-100 text-left\"><h5 class=\"mt-0 text-heading-default font-weight-bold\" style=\"\">Years of experience<\/h5><\/div><\/div>\n\t\t<\/div>\n\t\t\t\t<\/div>\n\t\t\t\t\t<\/div>\n\t\t<\/div>\n\t\t\t\t<div class=\"elementor-column elementor-col-50 elementor-inner-column elementor-element elementor-element-6e96411e\" data-id=\"6e96411e\" data-element_type=\"column\">\n\t\t\t<div class=\"elementor-widget-wrap elementor-element-populated\">\n\t\t\t\t\t\t\t\t<div class=\"elementor-element elementor-element-532832c9 elementor-widget elementor-widget-pix-numbers\" data-id=\"532832c9\" data-element_type=\"widget\" data-widget_type=\"pix-numbers.default\">\n\t\t\t\t<div class=\"elementor-widget-container\">\n\t\t\t<div class=\"pix_numbers animate-math\"><div><h1 class=\"align-self-center text-left display-3\"><span class=\"font-weight-bold text-secondary\" style=\"\">+<\/span><span class=\"number font-weight-bold secondary-font text-secondary\" style=\"\" data-duration=\"2000\" data-to=\"100\">0<\/span><span class=\"font-weight-bold text-secondary\" style=\"\"><\/span><\/h1><\/div><div class=\"w-100 text-left\"><h5 class=\"mt-0 text-heading-default font-weight-bold\" style=\"\">Satisfied costumers<\/h5><\/div><\/div>\n\t\t<\/div>\n\t\t\t\t<\/div>\n\t\t\t\t\t<\/div>\n\t\t<\/div>\n\t\t\t\t\t\t\t<\/div>\n\t\t<\/section>\n\t\t\t\t\t<\/div>\n\t\t<\/div>\n\t\t\t\t<div class=\"elementor-column elementor-col-50 elementor-top-column elementor-element elementor-element-15a6538\" data-id=\"15a6538\" data-element_type=\"column\">\n\t\t\t<div class=\"elementor-widget-wrap elementor-element-populated\">\n\t\t\t\t\t\t\t\t<div class=\"elementor-element elementor-element-2caf012a elementor-widget elementor-widget-pix-img\" data-id=\"2caf012a\" data-element_type=\"widget\" data-widget_type=\"pix-img.default\">\n\t\t\t\t<div class=\"elementor-widget-container\">\n\t\t\t<div class=\"d-inline-block\" ><div class=\"pix-img-el    left d-inline-block  w-100 rounded-lg\"  ><img loading=\"lazy\" class=\"card-img2 pix-img-elem rounded-lg  h-1002\" style=\"height:auto;\" width=\"1024\" height=\"1009\" srcset=\"https:\/\/mysymp.ch\/wp-content\/uploads\/2022\/04\/IC_Milano2-1024x1009-1.jpg 1024w, https:\/\/mysymp.ch\/wp-content\/uploads\/2022\/04\/IC_Milano2-1024x1009-1-300x296.jpg 300w, https:\/\/mysymp.ch\/wp-content\/uploads\/2022\/04\/IC_Milano2-1024x1009-1-768x757.jpg 768w, https:\/\/mysymp.ch\/wp-content\/uploads\/2022\/04\/IC_Milano2-1024x1009-1-75x75.jpg 75w\" sizes=\"(max-width: 1024px) 100vw, 1024px\" src=\"https:\/\/mysymp.ch\/wp-content\/uploads\/2022\/04\/IC_Milano2-1024x1009-1.jpg\" alt=\"\" \/><\/div><\/div>\t\t<\/div>\n\t\t\t\t<\/div>\n\t\t\t\t<div class=\"elementor-element elementor-element-dfad6ab elementor-widget elementor-widget-text-editor\" data-id=\"dfad6ab\" data-element_type=\"widget\" data-widget_type=\"text-editor.default\">\n\t\t\t\t<div class=\"elementor-widget-container\">\n\t\t\t\t\t\t\tIsidoro Celentano, founder of MYSYMP AG\t\t\t\t\t\t<\/div>\n\t\t\t\t<\/div>\n\t\t\t\t\t<\/div>\n\t\t<\/div>\n\t\t\t\t\t\t\t<\/div>\n\t\t<\/section>\n\t\t\t\t<section class=\"elementor-section elementor-top-section elementor-element elementor-element-19f6a4c0 elementor-section-boxed elementor-section-height-default elementor-section-height-default\" data-id=\"19f6a4c0\" data-element_type=\"section\" data-settings=\"{&quot;jet_parallax_layout_list&quot;:[]}\">\n\t\t\t\t\t\t<div class=\"elementor-container elementor-column-gap-default\">\n\t\t\t\t\t<div class=\"elementor-column elementor-col-50 elementor-top-column elementor-element elementor-element-2527f4f0\" data-id=\"2527f4f0\" data-element_type=\"column\">\n\t\t\t<div class=\"elementor-widget-wrap elementor-element-populated\">\n\t\t\t\t\t\t\t\t<div class=\"elementor-element elementor-element-c802c8 elementor-widget elementor-widget-pix-button\" data-id=\"c802c8\" data-element_type=\"widget\" data-widget_type=\"pix-button.default\">\n\t\t\t\t<div class=\"elementor-widget-container\">\n\t\t\t<div class=\"d-block w-100 text-center\"><a  href=\"https:\/\/mysymp.ch\/en\/dienstleistungen\/\" class=\"btn m-0     btn-secondary d-inline-block pix-hover-item       pix-btn-div btn-lg\"     ><i class=\"font-weight-bold pixicon-bars-menu  pix-hover-left  mr-1\"><\/i> <span class=\"font-weight-bold\" >Discover services<\/span><\/a><\/div>\t\t<\/div>\n\t\t\t\t<\/div>\n\t\t\t\t\t<\/div>\n\t\t<\/div>\n\t\t\t\t<div class=\"elementor-column elementor-col-50 elementor-top-column elementor-element elementor-element-3c07e3b\" data-id=\"3c07e3b\" data-element_type=\"column\">\n\t\t\t<div class=\"elementor-widget-wrap\">\n\t\t\t\t\t\t\t\t\t<\/div>\n\t\t<\/div>\n\t\t\t\t\t\t\t<\/div>\n\t\t<\/section>\n\t\t\t\t\t\t\t<\/div>","protected":false},"excerpt":{"rendered":"Wer sind wir MYSYMP \u2013 Gestalter der Zukunft Bei MYSYMP AG glauben wir, dass die wahre Kunst des Lebens darin besteht, Komplexit\u00e4t zu meistern, ohne die Essenz zu verlieren. Wir sind mehr als ein Dienstleister f\u00fcr Immobilien, Design und Wein&#8230;","protected":false},"author":1,"featured_media":0,"parent":0,"menu_order":0,"comment_status":"closed","ping_status":"closed","template":"","meta":[],"_links":{"self":[{"href":"https:\/\/mysymp.ch\/en\/wp-json\/wp\/v2\/pages\/2"}],"collection":[{"href":"https:\/\/mysymp.ch\/en\/wp-json\/wp\/v2\/pages"}],"about":[{"href":"https:\/\/mysymp.ch\/en\/wp-json\/wp\/v2\/types\/page"}],"author":[{"embeddable":true,"href":"https:\/\/mysymp.ch\/en\/wp-json\/wp\/v2\/users\/1"}],"replies":[{"embeddable":true,"href":"https:\/\/mysymp.ch\/en\/wp-json\/wp\/v2\/comments?post=2"}],"version-history":[{"count":6,"href":"https:\/\/mysymp.ch\/en\/wp-json\/wp\/v2\/pages\/2\/revisions"}],"predecessor-version":[{"id":15006,"href":"https:\/\/mysymp.ch\/en\/wp-json\/wp\/v2\/pages\/2\/revisions\/15006"}],"wp:attachment":[{"href":"https:\/\/mysymp.ch\/en\/wp-json\/wp\/v2\/media?parent=2"}],"curies":[{"name":"wp","href":"https:\/\/api.w.org\/{rel}","templated":true}]}}