{"id":3363,"date":"2020-06-16T12:36:02","date_gmt":"2020-06-16T12:36:02","guid":{"rendered":"https:\/\/essentials.pixfort.com\/business\/?page_id=3363"},"modified":"2026-04-21T19:16:49","modified_gmt":"2026-04-21T19:16:49","slug":"home","status":"publish","type":"page","link":"https:\/\/mysymp.ch\/en\/","title":{"rendered":"HOME"},"content":{"rendered":"<p><img src=\"https:\/\/mysymp.ch\/wp-content\/uploads\/2020\/06\/image-intro-4.jpg\" alt=\"\" data-srcset=\"https:\/\/mysymp.ch\/wp-content\/uploads\/2020\/06\/image-intro-4-300x174.jpg 300w, https:\/\/mysymp.ch\/wp-content\/uploads\/2020\/06\/image-intro-4-1024x595.jpg 1024w, https:\/\/mysymp.ch\/wp-content\/uploads\/2020\/06\/image-intro-4-768x446.jpg 768w, https:\/\/mysymp.ch\/wp-content\/uploads\/2020\/06\/image-intro-4-1536x893.jpg 1536w, https:\/\/mysymp.ch\/wp-content\/uploads\/2020\/06\/image-intro-4.jpg 1600w\" \/><\/p>\n<h2 data-anim-type=\"fade-in-up\" data-anim-delay=\"1000\">YOUR PARTNER FOR LIFESTYLE<\/h2>\n<p data-anim-type=\"fade-in\" data-anim-delay=\"1300\">Interior-Design, Fashion, Wein, Immobilien und Library<\/p>\n<p><a href=\"https:\/\/mysymp.ch\/en\/kontakt\/\" target=\"_blank\" rel=\"noopener\"> Contact us<\/a><br \/><img src=\"https:\/\/mysymp.ch\/wp-content\/uploads\/2020\/06\/image-intro-2.jpg\" alt=\"\" data-srcset=\"https:\/\/mysymp.ch\/wp-content\/uploads\/2020\/06\/image-intro-2-300x174.jpg 300w, https:\/\/mysymp.ch\/wp-content\/uploads\/2020\/06\/image-intro-2-1024x595.jpg 1024w, https:\/\/mysymp.ch\/wp-content\/uploads\/2020\/06\/image-intro-2-768x446.jpg 768w, https:\/\/mysymp.ch\/wp-content\/uploads\/2020\/06\/image-intro-2-1536x893.jpg 1536w, https:\/\/mysymp.ch\/wp-content\/uploads\/2020\/06\/image-intro-2.jpg 1600w\" \/><\/p>\n<h2 data-anim-type=\"fade-in-up\" data-anim-delay=\"1000\">Ecommerce strategy<\/h2>\n<p data-anim-type=\"fade-in\" data-anim-delay=\"1300\">Would you like to offer and sell your products and services online?<\/p>\n<p><a href=\"http:\/\/pixfort.website\/redirect?to=essentials\" target=\"_blank\" rel=\"noopener\"> Contact us<\/a><br \/><img src=\"https:\/\/mysymp.ch\/wp-content\/uploads\/2020\/06\/image-intro-3.jpg\" alt=\"\" data-srcset=\"https:\/\/mysymp.ch\/wp-content\/uploads\/2020\/06\/image-intro-3-300x174.jpg 300w, https:\/\/mysymp.ch\/wp-content\/uploads\/2020\/06\/image-intro-3-1024x595.jpg 1024w, https:\/\/mysymp.ch\/wp-content\/uploads\/2020\/06\/image-intro-3-768x446.jpg 768w, https:\/\/mysymp.ch\/wp-content\/uploads\/2020\/06\/image-intro-3-1536x893.jpg 1536w, https:\/\/mysymp.ch\/wp-content\/uploads\/2020\/06\/image-intro-3.jpg 1600w\" \/><\/p>\n<h2 data-anim-type=\"fade-in-up\" data-anim-delay=\"1000\">Lead your company to success<\/h2>\n<p data-anim-type=\"fade-in\" data-anim-delay=\"1300\">We help you make more efficient decisions<\/p>\n<p><a href=\"http:\/\/pixfort.website\/redirect?to=essentials\" target=\"_blank\" rel=\"noopener\"> Contact us<\/a><br \/><img src=\"https:\/\/mysymp.ch\/wp-content\/uploads\/2020\/06\/image-intro-4.jpg\" alt=\"\" \/><br \/><img src=\"https:\/\/mysymp.ch\/wp-content\/uploads\/2020\/06\/image-intro-2.jpg\" alt=\"\" \/><br \/><img src=\"https:\/\/mysymp.ch\/wp-content\/uploads\/2020\/06\/image-intro-3.jpg\" alt=\"\" \/><\/p>\n<h4 style=\"padding-top: 40px;\">MYSYMP: YOUR PARTNER FOR LIFESTYLE<\/h4>\n<p>MYSYMP is an independent family-owned company. Having grown over several years, it now has a diversified portfolio of majority and minority holdings in various areas.<\/p>\n<p>Entirely committed to its motto &quot;YOUR PARTNER FOR LIFESTYLE&quot;, MYSYMP acts resolutely and with foresight, both preserving and evolutionary and sustainable, locally and internationally.<\/p>\n<p><a href=\"https:\/\/mysymp.ch\/en\/dienstleistungen\/\"> Services<\/a><br \/><img loading=\"lazy\" style=\"height: auto;\" src=\"https:\/\/mysymp.ch\/wp-content\/uploads\/2020\/06\/image-intro-2.jpg\" sizes=\"(max-width: 1600px) 100vw, 1600px\" srcset=\"https:\/\/mysymp.ch\/wp-content\/uploads\/2020\/06\/image-intro-2.jpg 1600w, https:\/\/mysymp.ch\/wp-content\/uploads\/2020\/06\/image-intro-2-300x174.jpg 300w, https:\/\/mysymp.ch\/wp-content\/uploads\/2020\/06\/image-intro-2-1024x595.jpg 1024w, https:\/\/mysymp.ch\/wp-content\/uploads\/2020\/06\/image-intro-2-768x446.jpg 768w, https:\/\/mysymp.ch\/wp-content\/uploads\/2020\/06\/image-intro-2-1536x893.jpg 1536w\" alt=\"\" width=\"1600\" height=\"930\" \/><\/p>\n<h4 data-anim-type=\"\" data-anim-delay=\"\">our services<\/h4>\n<p>MYSYMP AG offers you an innovative range of services in the areas of interior design, fashion, wine and real estate which makes your life more beautiful and more pleasant.<\/p>\n<p><a href=\"https:\/\/mysymp.ch\/en\/dienstleistungen\/\"> See more<\/a><br \/><img src=\"https:\/\/mysymp.ch\/wp-content\/uploads\/2022\/05\/Imagem1.jpg\" alt=\"INTERIOR DESIGN\" \/><\/p>\n<h4>INTERIOR DESIGN<\/h4>\n<p><a style=\"min-height: 200px;\" href=\"https:\/\/mysymp.ch\/en\/interior-design\/\" target=\"_blank\" rel=\"noopener\">See more<\/a><br \/><img src=\"https:\/\/mysymp.ch\/wp-content\/uploads\/2022\/04\/pexels-expect-best-323780.jpg\" alt=\"IMMOBILIEN\" \/><\/p>\n<h4>REAL ESTATE<\/h4>\n<p><a style=\"min-height: 200px;\" href=\"https:\/\/mysymp.ch\/en\/immobilien\/\" target=\"_blank\" rel=\"noopener\">See more<\/a><br \/><img src=\"https:\/\/mysymp.ch\/wp-content\/uploads\/2022\/04\/woman-1063100_1280-e1650905641987.jpg\" alt=\"FASHION\" \/><\/p>\n<h4>FASHION<\/h4>\n<p><a style=\"min-height: 200px;\" href=\"https:\/\/mysymp.ch\/en\/fashion\/\" target=\"_blank\" rel=\"noopener\">See more<\/a><br \/><img src=\"https:\/\/mysymp.ch\/wp-content\/uploads\/2022\/05\/Imagem2.jpg\" alt=\"WEIN\" \/><\/p>\n<h4>WINE<\/h4>\n<p><a style=\"min-height: 200px;\" href=\"https:\/\/mysymp.ch\/en\/wein\/\" target=\"_blank\" rel=\"noopener\">See more<\/a><br \/><img src=\"https:\/\/mysymp.ch\/wp-content\/uploads\/2022\/04\/VR_mandate.jpg\" alt=\"VR-MANDATE\" \/><\/p>\n<h4>BOARD CONSULTING<\/h4>\n<p><a style=\"min-height: 200px;\" href=\"https:\/\/mysymp.ch\/en\/vr-mandate\/\" target=\"_blank\" rel=\"noopener\">See more<\/a><br \/><img src=\"https:\/\/mysymp.ch\/wp-content\/uploads\/2022\/04\/Consulting.jpg\" alt=\"STRATEGIE\" \/><\/p>\n<h4>MYSYMP Library: Wissen, das bewegt.<\/h4>\n<p>\u00a0<\/p>\n<p>\u00a0<\/p>\n<h4>STRATEGY<\/h4>\n<p><a style=\"min-height: 200px;\" href=\"https:\/\/mysymp.ch\/en\/strategie\/\" target=\"_blank\" rel=\"noopener\">See more<\/a><\/p>\n<h4 data-anim-type=\"\" data-anim-delay=\"\">focus<\/h4>\n<p>As an investment boutique, we are also happy to provide individual advice and interim management for small or large special projects. Our specialist areas with many years of industrial experience are in the areas of consumer and capital goods, as well as e-commerce.<\/p>\n<p>We are currently focusing on the following topics:<\/p>\n<p><a href=\"https:\/\/www.bruno-wickart.ch\/\"><img src=\"https:\/\/mysymp.ch\/wp-content\/plugins\/pixfort-core\/functions\/images\/loading.webp\" alt=\"Interior Design\" data-srcset=\"\" data-src=\"https:\/\/mysymp.ch\/wp-content\/uploads\/2022\/04\/Furniture-e1650905381766.jpg\" \/><\/a><\/p>\n<h6>Interior design<\/h6>\n<h6>\u00a0<\/h6>\n<p><a href=\"https:\/\/mysymp.ch\/en\/immobilien\/\"><img src=\"https:\/\/mysymp.ch\/wp-content\/plugins\/pixfort-core\/functions\/images\/loading.webp\" alt=\"IMMOBILIEN\" data-srcset=\"\" data-src=\"https:\/\/mysymp.ch\/wp-content\/uploads\/2022\/04\/Real-Estate-2-e1650905489195.jpg\" \/><\/a><\/p>\n<h6>REAL ESTATE<\/h6>\n<h6>\u00a0<\/h6>\n<p><a href=\"https:\/\/myowncuvee.com\/\"><img src=\"https:\/\/mysymp.ch\/wp-content\/plugins\/pixfort-core\/functions\/images\/loading.webp\" alt=\"WEIN\" data-srcset=\"\" data-src=\"https:\/\/mysymp.ch\/wp-content\/uploads\/2022\/04\/Wine-e1650905398251.jpg\" \/><\/a><\/p>\n<h6>WINE<\/h6>\n<h6>\u00a0<\/h6>\n<p><a href=\"https:\/\/p-o-p.world\/\"><img src=\"https:\/\/mysymp.ch\/wp-content\/plugins\/pixfort-core\/functions\/images\/loading.webp\" alt=\"FASHION\" data-srcset=\"\" data-src=\"https:\/\/mysymp.ch\/wp-content\/uploads\/2022\/04\/woman-1063100_1280-e1650905641987.jpg\" \/><\/a><\/p>\n<h6>FASHION<\/h6>\n<h6>\u00a0<\/h6>\n<p><img loading=\"lazy\" style=\"height: auto;\" src=\"https:\/\/mysymp.ch\/wp-content\/uploads\/2020\/06\/image-intro-1.jpg\" sizes=\"(max-width: 1600px) 100vw, 1600px\" srcset=\"https:\/\/mysymp.ch\/wp-content\/uploads\/2020\/06\/image-intro-1.jpg 1600w, https:\/\/mysymp.ch\/wp-content\/uploads\/2020\/06\/image-intro-1-300x174.jpg 300w, https:\/\/mysymp.ch\/wp-content\/uploads\/2020\/06\/image-intro-1-1024x595.jpg 1024w, https:\/\/mysymp.ch\/wp-content\/uploads\/2020\/06\/image-intro-1-768x446.jpg 768w, https:\/\/mysymp.ch\/wp-content\/uploads\/2020\/06\/image-intro-1-1536x893.jpg 1536w\" alt=\"\" width=\"1600\" height=\"930\" \/><\/p>\n<h5 style=\"padding-top: 40px;\">MYSYMP AG attaches great importance to personal advice and customer proximity. You and your needs are the focus of all our decisions.<\/h5>\n<p>MYSYMP has a wealth of experience in technical, commercial matters and leadership, which she has actively used in various positions and management levels.<\/p>\n<p>We build on the development of long-term partnerships with our partners! Your satisfaction is our best advertisement and reference.<\/p>\n<p><a href=\"https:\/\/mysymp.ch\/en\/kontakt\/\"> Contact us<\/a><\/p>\n\n\n<figure class=\"wp-block-image size-large\"><img loading=\"lazy\" width=\"1024\" height=\"434\" src=\"https:\/\/mysymp.ch\/wp-content\/uploads\/2026\/04\/LIBRARY-by-MYSYMP-1024x434.jpeg\" alt=\"\" class=\"wp-image-15031\" srcset=\"https:\/\/mysymp.ch\/wp-content\/uploads\/2026\/04\/LIBRARY-by-MYSYMP-1024x434.jpeg 1024w, https:\/\/mysymp.ch\/wp-content\/uploads\/2026\/04\/LIBRARY-by-MYSYMP-300x127.jpeg 300w, https:\/\/mysymp.ch\/wp-content\/uploads\/2026\/04\/LIBRARY-by-MYSYMP-768x326.jpeg 768w, https:\/\/mysymp.ch\/wp-content\/uploads\/2026\/04\/LIBRARY-by-MYSYMP-1536x652.jpeg 1536w, https:\/\/mysymp.ch\/wp-content\/uploads\/2026\/04\/LIBRARY-by-MYSYMP-18x8.jpeg 18w, https:\/\/mysymp.ch\/wp-content\/uploads\/2026\/04\/LIBRARY-by-MYSYMP.jpeg 1584w\" sizes=\"(max-width: 1024px) 100vw, 1024px\" \/><\/figure>\n\n\n\n<p>Entdecken Sie unsere exklusive Sammlung an E-Books und Fachpublikationen. Von tiefgehenden Analysen zur digitalen Transformation bis hin zu Strategien f\u00fcr ein bewusstes Leben in der Welt von morgen \u2013 wir b\u00fcndeln unsere Expertise f\u00fcr Ihren pers\u00f6nlichen und beruflichen Erfolg.<\/p>\n\n\n\n<figure class=\"wp-block-image size-large\"><img loading=\"lazy\" width=\"1024\" height=\"572\" src=\"https:\/\/mysymp.ch\/wp-content\/uploads\/2026\/04\/LIBRARY-by-MYSYMP-2-1024x572.jpeg\" alt=\"\" class=\"wp-image-15037\" srcset=\"https:\/\/mysymp.ch\/wp-content\/uploads\/2026\/04\/LIBRARY-by-MYSYMP-2-1024x572.jpeg 1024w, https:\/\/mysymp.ch\/wp-content\/uploads\/2026\/04\/LIBRARY-by-MYSYMP-2-300x167.jpeg 300w, https:\/\/mysymp.ch\/wp-content\/uploads\/2026\/04\/LIBRARY-by-MYSYMP-2-768x429.jpeg 768w, https:\/\/mysymp.ch\/wp-content\/uploads\/2026\/04\/LIBRARY-by-MYSYMP-2-18x10.jpeg 18w, https:\/\/mysymp.ch\/wp-content\/uploads\/2026\/04\/LIBRARY-by-MYSYMP-2.jpeg 1376w\" sizes=\"(max-width: 1024px) 100vw, 1024px\" \/><\/figure>\n\n\n\n<p><strong>Zur Bibliothek<\/strong><\/p>","protected":false},"excerpt":{"rendered":"YOUR PARTNER FOR LIFESTYLE Interior-Design, Fashion, Wein, Immobilien und Library Kontaktiere uns E-Commerce Strategie M\u00f6chten Sie Ihre Produkte und Dienstleistungen online anbieten und verkaufen? Kontaktiere uns F\u00fchren Sie Ihr Unternehmen zum Erfolg Wir helfen Ihnen, effizientere Entscheidungen zu treffen Kontaktiere&#8230;","protected":false},"author":1,"featured_media":0,"parent":0,"menu_order":0,"comment_status":"closed","ping_status":"closed","template":"","meta":[],"_links":{"self":[{"href":"https:\/\/mysymp.ch\/en\/wp-json\/wp\/v2\/pages\/3363"}],"collection":[{"href":"https:\/\/mysymp.ch\/en\/wp-json\/wp\/v2\/pages"}],"about":[{"href":"https:\/\/mysymp.ch\/en\/wp-json\/wp\/v2\/types\/page"}],"author":[{"embeddable":true,"href":"https:\/\/mysymp.ch\/en\/wp-json\/wp\/v2\/users\/1"}],"replies":[{"embeddable":true,"href":"https:\/\/mysymp.ch\/en\/wp-json\/wp\/v2\/comments?post=3363"}],"version-history":[{"count":15,"href":"https:\/\/mysymp.ch\/en\/wp-json\/wp\/v2\/pages\/3363\/revisions"}],"predecessor-version":[{"id":15041,"href":"https:\/\/mysymp.ch\/en\/wp-json\/wp\/v2\/pages\/3363\/revisions\/15041"}],"wp:attachment":[{"href":"https:\/\/mysymp.ch\/en\/wp-json\/wp\/v2\/media?parent=3363"}],"curies":[{"name":"wp","href":"https:\/\/api.w.org\/{rel}","templated":true}]}}